{"id":8,"date":"2022-11-04T20:24:52","date_gmt":"2022-11-04T20:24:52","guid":{"rendered":"http:\/\/caroluribe.com.ar\/?page_id=8"},"modified":"2022-11-09T18:21:47","modified_gmt":"2022-11-09T18:21:47","slug":"inicio","status":"publish","type":"page","link":"https:\/\/caroluribe.com.ar\/","title":{"rendered":"Inicio"},"content":{"rendered":"\t\t<div data-elementor-type=\"wp-page\" data-elementor-id=\"8\" class=\"elementor elementor-8\">\n\t\t\t\t\t\t<section class=\"elementor-section elementor-top-section elementor-element elementor-element-6196da1 elementor-section-full_width elementor-section-height-default elementor-section-height-default\" data-id=\"6196da1\" data-element_type=\"section\" id=\"portada\">\n\t\t\t\t\t\t<div class=\"elementor-container elementor-column-gap-default\">\n\t\t\t\t\t<div class=\"elementor-column elementor-col-100 elementor-top-column elementor-element elementor-element-fe8c267\" data-id=\"fe8c267\" data-element_type=\"column\">\n\t\t\t<div class=\"elementor-widget-wrap elementor-element-populated\">\n\t\t\t\t\t\t<div class=\"elementor-element elementor-element-d3c5428 elementor-widget elementor-widget-image\" data-id=\"d3c5428\" data-element_type=\"widget\" data-widget_type=\"image.default\">\n\t\t\t\t<div class=\"elementor-widget-container\">\n\t\t\t<style>\/*! elementor - v3.22.0 - 26-06-2024 *\/\n.elementor-widget-image{text-align:center}.elementor-widget-image a{display:inline-block}.elementor-widget-image a img[src$=\".svg\"]{width:48px}.elementor-widget-image img{vertical-align:middle;display:inline-block}<\/style>\t\t\t\t\t\t\t\t\t\t<img fetchpriority=\"high\" decoding=\"async\" width=\"1024\" height=\"622\" src=\"https:\/\/caroluribe.com.ar\/wp-content\/uploads\/2022\/11\/Recurso-5-1024x622.png\" class=\"attachment-large size-large wp-image-355\" alt=\"\" srcset=\"https:\/\/caroluribe.com.ar\/wp-content\/uploads\/2022\/11\/Recurso-5-1024x622.png 1024w, https:\/\/caroluribe.com.ar\/wp-content\/uploads\/2022\/11\/Recurso-5-300x182.png 300w, https:\/\/caroluribe.com.ar\/wp-content\/uploads\/2022\/11\/Recurso-5-768x466.png 768w, https:\/\/caroluribe.com.ar\/wp-content\/uploads\/2022\/11\/Recurso-5.png 1290w\" sizes=\"(max-width: 1024px) 100vw, 1024px\" \/>\t\t\t\t\t\t\t\t\t\t\t\t\t<\/div>\n\t\t\t\t<\/div>\n\t\t\t\t\t<\/div>\n\t\t<\/div>\n\t\t\t\t\t<\/div>\n\t\t<\/section>\n\t\t\t\t<section class=\"elementor-section elementor-top-section elementor-element elementor-element-22efe9c elementor-section-height-min-height elementor-section-boxed elementor-section-height-default elementor-section-items-middle\" data-id=\"22efe9c\" data-element_type=\"section\" data-settings=\"{&quot;background_background&quot;:&quot;classic&quot;}\">\n\t\t\t\t\t\t<div class=\"elementor-container elementor-column-gap-default\">\n\t\t\t\t\t<div class=\"elementor-column elementor-col-100 elementor-top-column elementor-element elementor-element-5fbf0e4\" data-id=\"5fbf0e4\" data-element_type=\"column\">\n\t\t\t<div class=\"elementor-widget-wrap elementor-element-populated\">\n\t\t\t\t\t\t<div class=\"elementor-element elementor-element-1373989 elementor-view-default elementor-widget elementor-widget-icon\" data-id=\"1373989\" data-element_type=\"widget\" data-widget_type=\"icon.default\">\n\t\t\t\t<div class=\"elementor-widget-container\">\n\t\t\t\t\t<div class=\"elementor-icon-wrapper\">\n\t\t\t<div class=\"elementor-icon\">\n\t\t\t<i aria-hidden=\"true\" class=\"fas fa-quote-left\"><\/i>\t\t\t<\/div>\n\t\t<\/div>\n\t\t\t\t<\/div>\n\t\t\t\t<\/div>\n\t\t\t\t<div class=\"elementor-element elementor-element-d2db31f elementor-widget elementor-widget-text-editor\" data-id=\"d2db31f\" data-element_type=\"widget\" data-widget_type=\"text-editor.default\">\n\t\t\t\t<div class=\"elementor-widget-container\">\n\t\t\t<style>\/*! elementor - v3.22.0 - 26-06-2024 *\/\n.elementor-widget-text-editor.elementor-drop-cap-view-stacked .elementor-drop-cap{background-color:#69727d;color:#fff}.elementor-widget-text-editor.elementor-drop-cap-view-framed .elementor-drop-cap{color:#69727d;border:3px solid;background-color:transparent}.elementor-widget-text-editor:not(.elementor-drop-cap-view-default) .elementor-drop-cap{margin-top:8px}.elementor-widget-text-editor:not(.elementor-drop-cap-view-default) .elementor-drop-cap-letter{width:1em;height:1em}.elementor-widget-text-editor .elementor-drop-cap{float:left;text-align:center;line-height:1;font-size:50px}.elementor-widget-text-editor .elementor-drop-cap-letter{display:inline-block}<\/style>\t\t\t\t<p>TODOS somos capaces de elaborar un <strong>trabajo cient\u00edfico de calidad<\/strong> manejando conceptos b\u00e1sicos, siguiendo una metodolog\u00eda l\u00f3gica de trabajo, usando herramientas claves, pero sobre todo con un <strong>buen asesoramiento<\/strong> (lado a lado) durante este trayecto.<\/p>\t\t\t\t\t\t<\/div>\n\t\t\t\t<\/div>\n\t\t\t\t\t<\/div>\n\t\t<\/div>\n\t\t\t\t\t<\/div>\n\t\t<\/section>\n\t\t\t\t<section class=\"elementor-section elementor-top-section elementor-element elementor-element-645fb6d elementor-section-full_width elementor-section-height-default elementor-section-height-default\" data-id=\"645fb6d\" data-element_type=\"section\" id=\"quien-soy\">\n\t\t\t\t\t\t<div class=\"elementor-container elementor-column-gap-default\">\n\t\t\t\t\t<div class=\"elementor-column elementor-col-50 elementor-top-column elementor-element elementor-element-0aeabc6\" data-id=\"0aeabc6\" data-element_type=\"column\" data-settings=\"{&quot;background_background&quot;:&quot;classic&quot;}\">\n\t\t\t<div class=\"elementor-widget-wrap elementor-element-populated\">\n\t\t\t\t\t\t<div class=\"elementor-element elementor-element-e4c38f0 elementor-widget elementor-widget-heading\" data-id=\"e4c38f0\" data-element_type=\"widget\" data-widget_type=\"heading.default\">\n\t\t\t\t<div class=\"elementor-widget-container\">\n\t\t\t<style>\/*! elementor - v3.22.0 - 26-06-2024 *\/\n.elementor-heading-title{padding:0;margin:0;line-height:1}.elementor-widget-heading .elementor-heading-title[class*=elementor-size-]>a{color:inherit;font-size:inherit;line-height:inherit}.elementor-widget-heading .elementor-heading-title.elementor-size-small{font-size:15px}.elementor-widget-heading .elementor-heading-title.elementor-size-medium{font-size:19px}.elementor-widget-heading .elementor-heading-title.elementor-size-large{font-size:29px}.elementor-widget-heading .elementor-heading-title.elementor-size-xl{font-size:39px}.elementor-widget-heading .elementor-heading-title.elementor-size-xxl{font-size:59px}<\/style><h2 class=\"elementor-heading-title elementor-size-default\">Hola, soy Carol Uribe<\/h2>\t\t<\/div>\n\t\t\t\t<\/div>\n\t\t\t\t<div class=\"elementor-element elementor-element-2f33995 elementor-widget elementor-widget-text-editor\" data-id=\"2f33995\" data-element_type=\"widget\" data-widget_type=\"text-editor.default\">\n\t\t\t\t<div class=\"elementor-widget-container\">\n\t\t\t\t\t\t\tLic. en Gen\u00e9tica y Doctora en Gen\u00e9tica y Biolog\u00eda Molecular. Investigadora y directora de tesis de grado y posgrado. Profesora de Gen\u00e9tica y de Conceptos y pr\u00e1ctica de la metodolog\u00eda cient\u00edfica.\n\nLa investigaci\u00f3n es mi vocaci\u00f3n, me apasiona ense\u00f1ar y ayudar a desarrollar una investigaci\u00f3n de calidad.\t\t\t\t\t\t<\/div>\n\t\t\t\t<\/div>\n\t\t\t\t\t<\/div>\n\t\t<\/div>\n\t\t\t\t<div class=\"elementor-column elementor-col-50 elementor-top-column elementor-element elementor-element-b844712\" data-id=\"b844712\" data-element_type=\"column\">\n\t\t\t<div class=\"elementor-widget-wrap elementor-element-populated\">\n\t\t\t\t\t\t<div class=\"elementor-element elementor-element-718230a elementor-widget elementor-widget-image\" data-id=\"718230a\" data-element_type=\"widget\" data-widget_type=\"image.default\">\n\t\t\t\t<div class=\"elementor-widget-container\">\n\t\t\t\t\t\t\t\t\t\t\t\t\t<img decoding=\"async\" width=\"1024\" height=\"683\" src=\"https:\/\/caroluribe.com.ar\/wp-content\/uploads\/2022\/11\/102A9986-Editar-1024x683.jpg\" class=\"attachment-large size-large wp-image-47\" alt=\"\" srcset=\"https:\/\/caroluribe.com.ar\/wp-content\/uploads\/2022\/11\/102A9986-Editar-1024x683.jpg 1024w, https:\/\/caroluribe.com.ar\/wp-content\/uploads\/2022\/11\/102A9986-Editar-300x200.jpg 300w, https:\/\/caroluribe.com.ar\/wp-content\/uploads\/2022\/11\/102A9986-Editar-768x512.jpg 768w, https:\/\/caroluribe.com.ar\/wp-content\/uploads\/2022\/11\/102A9986-Editar-1536x1024.jpg 1536w, https:\/\/caroluribe.com.ar\/wp-content\/uploads\/2022\/11\/102A9986-Editar.jpg 1800w\" sizes=\"(max-width: 1024px) 100vw, 1024px\" \/>\t\t\t\t\t\t\t\t\t\t\t\t\t<\/div>\n\t\t\t\t<\/div>\n\t\t\t\t\t<\/div>\n\t\t<\/div>\n\t\t\t\t\t<\/div>\n\t\t<\/section>\n\t\t\t\t<section class=\"elementor-section elementor-top-section elementor-element elementor-element-e088adc elementor-section-full_width elementor-section-height-default elementor-section-height-default\" data-id=\"e088adc\" data-element_type=\"section\" id=\"trabajo\" data-settings=\"{&quot;background_background&quot;:&quot;classic&quot;}\">\n\t\t\t\t\t\t<div class=\"elementor-container elementor-column-gap-default\">\n\t\t\t\t\t<div class=\"elementor-column elementor-col-50 elementor-top-column elementor-element elementor-element-e534cb7\" data-id=\"e534cb7\" data-element_type=\"column\">\n\t\t\t<div class=\"elementor-widget-wrap elementor-element-populated\">\n\t\t\t\t\t\t<div class=\"elementor-element elementor-element-24a9a6f elementor-widget elementor-widget-image\" data-id=\"24a9a6f\" data-element_type=\"widget\" data-widget_type=\"image.default\">\n\t\t\t\t<div class=\"elementor-widget-container\">\n\t\t\t\t\t\t\t\t\t\t\t\t\t<img decoding=\"async\" width=\"1024\" height=\"683\" src=\"https:\/\/caroluribe.com.ar\/wp-content\/uploads\/2022\/11\/102A9858-Editar-1024x683.jpg\" class=\"attachment-large size-large wp-image-49\" alt=\"\" srcset=\"https:\/\/caroluribe.com.ar\/wp-content\/uploads\/2022\/11\/102A9858-Editar-1024x683.jpg 1024w, https:\/\/caroluribe.com.ar\/wp-content\/uploads\/2022\/11\/102A9858-Editar-300x200.jpg 300w, https:\/\/caroluribe.com.ar\/wp-content\/uploads\/2022\/11\/102A9858-Editar-768x512.jpg 768w, https:\/\/caroluribe.com.ar\/wp-content\/uploads\/2022\/11\/102A9858-Editar-1536x1024.jpg 1536w, https:\/\/caroluribe.com.ar\/wp-content\/uploads\/2022\/11\/102A9858-Editar.jpg 1800w\" sizes=\"(max-width: 1024px) 100vw, 1024px\" \/>\t\t\t\t\t\t\t\t\t\t\t\t\t<\/div>\n\t\t\t\t<\/div>\n\t\t\t\t\t<\/div>\n\t\t<\/div>\n\t\t\t\t<div class=\"elementor-column elementor-col-50 elementor-top-column elementor-element elementor-element-f6b68c2\" data-id=\"f6b68c2\" data-element_type=\"column\">\n\t\t\t<div class=\"elementor-widget-wrap elementor-element-populated\">\n\t\t\t\t\t\t<div class=\"elementor-element elementor-element-fd34e68 elementor-widget elementor-widget-heading\" data-id=\"fd34e68\" data-element_type=\"widget\" data-widget_type=\"heading.default\">\n\t\t\t\t<div class=\"elementor-widget-container\">\n\t\t\t<h2 class=\"elementor-heading-title elementor-size-default\">\u00bfC\u00f3mo trabajo?<\/h2>\t\t<\/div>\n\t\t\t\t<\/div>\n\t\t\t\t<div class=\"elementor-element elementor-element-5f5d4a1 elementor-widget elementor-widget-text-editor\" data-id=\"5f5d4a1\" data-element_type=\"widget\" data-widget_type=\"text-editor.default\">\n\t\t\t\t<div class=\"elementor-widget-container\">\n\t\t\t\t\t\t\t<p class=\"text-justify\"><ul>\n \t<li>Trabajo aplicando lo que he aprendido por experiencia y s\u00e9 que funciona.<\/li>\n \t<li>Con asesor\u00eda personalizada, lado a lado.<\/li>\n \t<li>Con orientaci\u00f3n continua y una escucha emp\u00e1tica durante todo el desarrollo del trabajo.<\/li>\n \t<li>Clases personalizadas a tu medida presenciales u online.<\/li>\n<\/ul>\n<\/p>\t\t\t\t\t\t<\/div>\n\t\t\t\t<\/div>\n\t\t\t\t\t<\/div>\n\t\t<\/div>\n\t\t\t\t\t<\/div>\n\t\t<\/section>\n\t\t\t\t<section class=\"elementor-section elementor-top-section elementor-element elementor-element-b095bcb elementor-section-boxed elementor-section-height-default elementor-section-height-default\" data-id=\"b095bcb\" data-element_type=\"section\" id=\"servicios\">\n\t\t\t\t\t\t<div class=\"elementor-container elementor-column-gap-default\">\n\t\t\t\t\t<div class=\"elementor-column elementor-col-100 elementor-top-column elementor-element elementor-element-baf00db\" data-id=\"baf00db\" data-element_type=\"column\">\n\t\t\t<div class=\"elementor-widget-wrap elementor-element-populated\">\n\t\t\t\t\t\t<div class=\"elementor-element elementor-element-72ca2f1 elementor-widget elementor-widget-heading\" data-id=\"72ca2f1\" data-element_type=\"widget\" data-widget_type=\"heading.default\">\n\t\t\t\t<div class=\"elementor-widget-container\">\n\t\t\t<h2 class=\"elementor-heading-title elementor-size-default\">Mis servicios<\/h2>\t\t<\/div>\n\t\t\t\t<\/div>\n\t\t\t\t\t<\/div>\n\t\t<\/div>\n\t\t\t\t\t<\/div>\n\t\t<\/section>\n\t\t\t\t<section class=\"elementor-section elementor-top-section elementor-element elementor-element-ffa35bb elementor-section-boxed elementor-section-height-default elementor-section-height-default\" data-id=\"ffa35bb\" data-element_type=\"section\">\n\t\t\t\t\t\t<div class=\"elementor-container elementor-column-gap-default\">\n\t\t\t\t\t<div class=\"elementor-column elementor-col-100 elementor-top-column elementor-element elementor-element-d85375f\" data-id=\"d85375f\" data-element_type=\"column\">\n\t\t\t<div class=\"elementor-widget-wrap elementor-element-populated\">\n\t\t\t\t\t\t<div class=\"elementor-element elementor-element-3651c5d elementor-position-left elementor-vertical-align-middle elementor-widget elementor-widget-image-box\" data-id=\"3651c5d\" data-element_type=\"widget\" data-widget_type=\"image-box.default\">\n\t\t\t\t<div class=\"elementor-widget-container\">\n\t\t\t<style>\/*! elementor - v3.22.0 - 26-06-2024 *\/\n.elementor-widget-image-box .elementor-image-box-content{width:100%}@media (min-width:768px){.elementor-widget-image-box.elementor-position-left .elementor-image-box-wrapper,.elementor-widget-image-box.elementor-position-right .elementor-image-box-wrapper{display:flex}.elementor-widget-image-box.elementor-position-right .elementor-image-box-wrapper{text-align:end;flex-direction:row-reverse}.elementor-widget-image-box.elementor-position-left .elementor-image-box-wrapper{text-align:start;flex-direction:row}.elementor-widget-image-box.elementor-position-top .elementor-image-box-img{margin:auto}.elementor-widget-image-box.elementor-vertical-align-top .elementor-image-box-wrapper{align-items:flex-start}.elementor-widget-image-box.elementor-vertical-align-middle .elementor-image-box-wrapper{align-items:center}.elementor-widget-image-box.elementor-vertical-align-bottom .elementor-image-box-wrapper{align-items:flex-end}}@media (max-width:767px){.elementor-widget-image-box .elementor-image-box-img{margin-left:auto!important;margin-right:auto!important;margin-bottom:15px}}.elementor-widget-image-box .elementor-image-box-img{display:inline-block}.elementor-widget-image-box .elementor-image-box-title a{color:inherit}.elementor-widget-image-box .elementor-image-box-wrapper{text-align:center}.elementor-widget-image-box .elementor-image-box-description{margin:0}<\/style><div class=\"elementor-image-box-wrapper\"><figure class=\"elementor-image-box-img\"><img loading=\"lazy\" decoding=\"async\" width=\"512\" height=\"512\" src=\"https:\/\/caroluribe.com.ar\/wp-content\/uploads\/2022\/11\/icono-2-svg.png\" class=\"attachment-full size-full wp-image-187\" alt=\"\" srcset=\"https:\/\/caroluribe.com.ar\/wp-content\/uploads\/2022\/11\/icono-2-svg.png 512w, https:\/\/caroluribe.com.ar\/wp-content\/uploads\/2022\/11\/icono-2-svg-300x300.png 300w, https:\/\/caroluribe.com.ar\/wp-content\/uploads\/2022\/11\/icono-2-svg-150x150.png 150w\" sizes=\"(max-width: 512px) 100vw, 512px\" \/><\/figure><div class=\"elementor-image-box-content\"><p class=\"elementor-image-box-description\">Ayudarte a <b>organizarte<\/b> para <b>cumplir los plazos <\/b><\/p><\/div><\/div>\t\t<\/div>\n\t\t\t\t<\/div>\n\t\t\t\t<div class=\"elementor-element elementor-element-02c5c04 elementor-position-left elementor-vertical-align-middle elementor-widget elementor-widget-image-box\" data-id=\"02c5c04\" data-element_type=\"widget\" data-widget_type=\"image-box.default\">\n\t\t\t\t<div class=\"elementor-widget-container\">\n\t\t\t<div class=\"elementor-image-box-wrapper\"><figure class=\"elementor-image-box-img\"><img loading=\"lazy\" decoding=\"async\" width=\"512\" height=\"512\" src=\"https:\/\/caroluribe.com.ar\/wp-content\/uploads\/2022\/11\/icono-3-svg.png\" class=\"attachment-full size-full wp-image-191\" alt=\"\" srcset=\"https:\/\/caroluribe.com.ar\/wp-content\/uploads\/2022\/11\/icono-3-svg.png 512w, https:\/\/caroluribe.com.ar\/wp-content\/uploads\/2022\/11\/icono-3-svg-300x300.png 300w, https:\/\/caroluribe.com.ar\/wp-content\/uploads\/2022\/11\/icono-3-svg-150x150.png 150w\" sizes=\"(max-width: 512px) 100vw, 512px\" \/><\/figure><div class=\"elementor-image-box-content\"><p class=\"elementor-image-box-description\">Revisar juntos la <b>estructura de tu trabajo<\/b><\/p><\/div><\/div>\t\t<\/div>\n\t\t\t\t<\/div>\n\t\t\t\t<div class=\"elementor-element elementor-element-266643e elementor-position-left elementor-vertical-align-middle elementor-widget elementor-widget-image-box\" data-id=\"266643e\" data-element_type=\"widget\" data-widget_type=\"image-box.default\">\n\t\t\t\t<div class=\"elementor-widget-container\">\n\t\t\t<div class=\"elementor-image-box-wrapper\"><figure class=\"elementor-image-box-img\"><img loading=\"lazy\" decoding=\"async\" width=\"512\" height=\"512\" src=\"https:\/\/caroluribe.com.ar\/wp-content\/uploads\/2022\/11\/icono-3-svg-1.png\" class=\"attachment-full size-full wp-image-193\" alt=\"\" srcset=\"https:\/\/caroluribe.com.ar\/wp-content\/uploads\/2022\/11\/icono-3-svg-1.png 512w, https:\/\/caroluribe.com.ar\/wp-content\/uploads\/2022\/11\/icono-3-svg-1-300x300.png 300w, https:\/\/caroluribe.com.ar\/wp-content\/uploads\/2022\/11\/icono-3-svg-1-150x150.png 150w\" sizes=\"(max-width: 512px) 100vw, 512px\" \/><\/figure><div class=\"elementor-image-box-content\"><p class=\"elementor-image-box-description\">Ense\u00f1arte de forma pr\u00e1ctica la metodolog\u00eda de la investigaci\u00f3n<\/p><\/div><\/div>\t\t<\/div>\n\t\t\t\t<\/div>\n\t\t\t\t<div class=\"elementor-element elementor-element-60d34d8 elementor-position-left elementor-vertical-align-middle elementor-widget elementor-widget-image-box\" data-id=\"60d34d8\" data-element_type=\"widget\" data-widget_type=\"image-box.default\">\n\t\t\t\t<div class=\"elementor-widget-container\">\n\t\t\t<div class=\"elementor-image-box-wrapper\"><figure class=\"elementor-image-box-img\"><img loading=\"lazy\" decoding=\"async\" width=\"512\" height=\"512\" src=\"https:\/\/caroluribe.com.ar\/wp-content\/uploads\/2022\/11\/icono-3-svg-2.png\" class=\"attachment-full size-full wp-image-194\" alt=\"\" srcset=\"https:\/\/caroluribe.com.ar\/wp-content\/uploads\/2022\/11\/icono-3-svg-2.png 512w, https:\/\/caroluribe.com.ar\/wp-content\/uploads\/2022\/11\/icono-3-svg-2-300x300.png 300w, https:\/\/caroluribe.com.ar\/wp-content\/uploads\/2022\/11\/icono-3-svg-2-150x150.png 150w\" sizes=\"(max-width: 512px) 100vw, 512px\" \/><\/figure><div class=\"elementor-image-box-content\"><p class=\"elementor-image-box-description\">Revisemos juntos tu <b>proyecto<\/b>, repasemos tu <b>pregunta de investigaci\u00f3n<\/b> que es el pilar de un buen trabajo<\/p><\/div><\/div>\t\t<\/div>\n\t\t\t\t<\/div>\n\t\t\t\t<div class=\"elementor-element elementor-element-320199c elementor-position-left elementor-vertical-align-middle elementor-widget elementor-widget-image-box\" data-id=\"320199c\" data-element_type=\"widget\" data-widget_type=\"image-box.default\">\n\t\t\t\t<div class=\"elementor-widget-container\">\n\t\t\t<div class=\"elementor-image-box-wrapper\"><figure class=\"elementor-image-box-img\"><img loading=\"lazy\" decoding=\"async\" width=\"512\" height=\"512\" src=\"https:\/\/caroluribe.com.ar\/wp-content\/uploads\/2022\/11\/icono-3-svg-3.png\" class=\"attachment-full size-full wp-image-195\" alt=\"\" srcset=\"https:\/\/caroluribe.com.ar\/wp-content\/uploads\/2022\/11\/icono-3-svg-3.png 512w, https:\/\/caroluribe.com.ar\/wp-content\/uploads\/2022\/11\/icono-3-svg-3-300x300.png 300w, https:\/\/caroluribe.com.ar\/wp-content\/uploads\/2022\/11\/icono-3-svg-3-150x150.png 150w\" sizes=\"(max-width: 512px) 100vw, 512px\" \/><\/figure><div class=\"elementor-image-box-content\"><p class=\"elementor-image-box-description\">Planifiquemos y organicemos lo que falta para terminar de escribir la <b>tesis de grado o posgrado<\/b><\/p><\/div><\/div>\t\t<\/div>\n\t\t\t\t<\/div>\n\t\t\t\t<div class=\"elementor-element elementor-element-39a8556 elementor-position-left elementor-vertical-align-middle elementor-widget elementor-widget-image-box\" data-id=\"39a8556\" data-element_type=\"widget\" data-widget_type=\"image-box.default\">\n\t\t\t\t<div class=\"elementor-widget-container\">\n\t\t\t<div class=\"elementor-image-box-wrapper\"><figure class=\"elementor-image-box-img\"><img loading=\"lazy\" decoding=\"async\" width=\"512\" height=\"512\" src=\"https:\/\/caroluribe.com.ar\/wp-content\/uploads\/2022\/11\/icono-3-svg-4.png\" class=\"attachment-full size-full wp-image-196\" alt=\"\" srcset=\"https:\/\/caroluribe.com.ar\/wp-content\/uploads\/2022\/11\/icono-3-svg-4.png 512w, https:\/\/caroluribe.com.ar\/wp-content\/uploads\/2022\/11\/icono-3-svg-4-300x300.png 300w, https:\/\/caroluribe.com.ar\/wp-content\/uploads\/2022\/11\/icono-3-svg-4-150x150.png 150w\" sizes=\"(max-width: 512px) 100vw, 512px\" \/><\/figure><div class=\"elementor-image-box-content\"><p class=\"elementor-image-box-description\">Charlemos sobre <b>tus resultados<\/b> para poder elaborar una buena <b>discusi\u00f3n para tu paper<\/b><\/p><\/div><\/div>\t\t<\/div>\n\t\t\t\t<\/div>\n\t\t\t\t<div class=\"elementor-element elementor-element-bc18484 elementor-position-left elementor-vertical-align-middle elementor-widget elementor-widget-image-box\" data-id=\"bc18484\" data-element_type=\"widget\" data-widget_type=\"image-box.default\">\n\t\t\t\t<div class=\"elementor-widget-container\">\n\t\t\t<div class=\"elementor-image-box-wrapper\"><figure class=\"elementor-image-box-img\"><img loading=\"lazy\" decoding=\"async\" width=\"512\" height=\"512\" src=\"https:\/\/caroluribe.com.ar\/wp-content\/uploads\/2022\/11\/icono-3-svg-5.png\" class=\"attachment-full size-full wp-image-197\" alt=\"\" srcset=\"https:\/\/caroluribe.com.ar\/wp-content\/uploads\/2022\/11\/icono-3-svg-5.png 512w, https:\/\/caroluribe.com.ar\/wp-content\/uploads\/2022\/11\/icono-3-svg-5-300x300.png 300w, https:\/\/caroluribe.com.ar\/wp-content\/uploads\/2022\/11\/icono-3-svg-5-150x150.png 150w\" sizes=\"(max-width: 512px) 100vw, 512px\" \/><\/figure><div class=\"elementor-image-box-content\"><p class=\"elementor-image-box-description\"><b>Practiquemos<\/b> tu presentaci\u00f3n para la defensa y veamos <b>qu\u00e9 podemos mejorar<\/b><\/p><\/div><\/div>\t\t<\/div>\n\t\t\t\t<\/div>\n\t\t\t\t\t<\/div>\n\t\t<\/div>\n\t\t\t\t\t<\/div>\n\t\t<\/section>\n\t\t\t\t<\/div>\n\t\t","protected":false},"excerpt":{"rendered":"<p>TODOS somos capaces de elaborar un trabajo cient\u00edfico de calidad manejando conceptos b\u00e1sicos, siguiendo una metodolog\u00eda l\u00f3gica de trabajo, usando herramientas claves, pero sobre todo con un buen asesoramiento (lado a lado) durante este trayecto. Hola, soy Carol Uribe Lic. en Gen\u00e9tica y Doctora en Gen\u00e9tica y Biolog\u00eda Molecular. Investigadora y directora de tesis de [&hellip;]<\/p>\n","protected":false},"author":1,"featured_media":0,"parent":0,"menu_order":0,"comment_status":"closed","ping_status":"closed","template":"elementor_header_footer","meta":{"ocean_post_layout":"","ocean_both_sidebars_style":"","ocean_both_sidebars_content_width":0,"ocean_both_sidebars_sidebars_width":0,"ocean_sidebar":"","ocean_second_sidebar":"","ocean_disable_margins":"enable","ocean_add_body_class":"","ocean_shortcode_before_top_bar":"","ocean_shortcode_after_top_bar":"","ocean_shortcode_before_header":"","ocean_shortcode_after_header":"","ocean_has_shortcode":"","ocean_shortcode_after_title":"","ocean_shortcode_before_footer_widgets":"","ocean_shortcode_after_footer_widgets":"","ocean_shortcode_before_footer_bottom":"","ocean_shortcode_after_footer_bottom":"","ocean_display_top_bar":"default","ocean_display_header":"default","ocean_header_style":"","ocean_center_header_left_menu":"","ocean_custom_header_template":"","ocean_custom_logo":0,"ocean_custom_retina_logo":0,"ocean_custom_logo_max_width":0,"ocean_custom_logo_tablet_max_width":0,"ocean_custom_logo_mobile_max_width":0,"ocean_custom_logo_max_height":0,"ocean_custom_logo_tablet_max_height":0,"ocean_custom_logo_mobile_max_height":0,"ocean_header_custom_menu":"","ocean_menu_typo_font_family":"","ocean_menu_typo_font_subset":"","ocean_menu_typo_font_size":0,"ocean_menu_typo_font_size_tablet":0,"ocean_menu_typo_font_size_mobile":0,"ocean_menu_typo_font_size_unit":"px","ocean_menu_typo_font_weight":"","ocean_menu_typo_font_weight_tablet":"","ocean_menu_typo_font_weight_mobile":"","ocean_menu_typo_transform":"","ocean_menu_typo_transform_tablet":"","ocean_menu_typo_transform_mobile":"","ocean_menu_typo_line_height":0,"ocean_menu_typo_line_height_tablet":0,"ocean_menu_typo_line_height_mobile":0,"ocean_menu_typo_line_height_unit":"","ocean_menu_typo_spacing":0,"ocean_menu_typo_spacing_tablet":0,"ocean_menu_typo_spacing_mobile":0,"ocean_menu_typo_spacing_unit":"","ocean_menu_link_color":"","ocean_menu_link_color_hover":"","ocean_menu_link_color_active":"","ocean_menu_link_background":"","ocean_menu_link_hover_background":"","ocean_menu_link_active_background":"","ocean_menu_social_links_bg":"","ocean_menu_social_hover_links_bg":"","ocean_menu_social_links_color":"","ocean_menu_social_hover_links_color":"","ocean_disable_title":"default","ocean_disable_heading":"default","ocean_post_title":"","ocean_post_subheading":"","ocean_post_title_style":"","ocean_post_title_background_color":"","ocean_post_title_background":0,"ocean_post_title_bg_image_position":"","ocean_post_title_bg_image_attachment":"","ocean_post_title_bg_image_repeat":"","ocean_post_title_bg_image_size":"","ocean_post_title_height":0,"ocean_post_title_bg_overlay":0.5,"ocean_post_title_bg_overlay_color":"","ocean_disable_breadcrumbs":"default","ocean_breadcrumbs_color":"","ocean_breadcrumbs_separator_color":"","ocean_breadcrumbs_links_color":"","ocean_breadcrumbs_links_hover_color":"","ocean_display_footer_widgets":"default","ocean_display_footer_bottom":"default","ocean_custom_footer_template":"","footnotes":""},"class_list":["post-8","page","type-page","status-publish","hentry","entry"],"_links":{"self":[{"href":"https:\/\/caroluribe.com.ar\/index.php?rest_route=\/wp\/v2\/pages\/8"}],"collection":[{"href":"https:\/\/caroluribe.com.ar\/index.php?rest_route=\/wp\/v2\/pages"}],"about":[{"href":"https:\/\/caroluribe.com.ar\/index.php?rest_route=\/wp\/v2\/types\/page"}],"author":[{"embeddable":true,"href":"https:\/\/caroluribe.com.ar\/index.php?rest_route=\/wp\/v2\/users\/1"}],"replies":[{"embeddable":true,"href":"https:\/\/caroluribe.com.ar\/index.php?rest_route=%2Fwp%2Fv2%2Fcomments&post=8"}],"version-history":[{"count":185,"href":"https:\/\/caroluribe.com.ar\/index.php?rest_route=\/wp\/v2\/pages\/8\/revisions"}],"predecessor-version":[{"id":361,"href":"https:\/\/caroluribe.com.ar\/index.php?rest_route=\/wp\/v2\/pages\/8\/revisions\/361"}],"wp:attachment":[{"href":"https:\/\/caroluribe.com.ar\/index.php?rest_route=%2Fwp%2Fv2%2Fmedia&parent=8"}],"curies":[{"name":"wp","href":"https:\/\/api.w.org\/{rel}","templated":true}]}}